{"id":22,"date":"2023-01-02T08:55:39","date_gmt":"2023-01-02T07:55:39","guid":{"rendered":"https:\/\/pension-ampark.de\/test\/"},"modified":"2023-01-02T08:55:50","modified_gmt":"2023-01-02T07:55:50","slug":"test","status":"publish","type":"page","link":"https:\/\/pension-ampark.de\/pt\/test\/","title":{"rendered":"Teste"},"content":{"rendered":"<div data-elementor-type=\"wp-page\" data-elementor-id=\"22\" class=\"elementor elementor-22\" data-elementor-post-type=\"page\">\n\t\t\t\t\t\t<section class=\"elementor-section elementor-top-section elementor-element elementor-element-392283ec elementor-section-full_width elementor-section-height-min-height elementor-section-items-stretch elementor-section-height-default\" data-id=\"392283ec\" data-element_type=\"section\" id=\"uppage\">\n\t\t\t\t\t\t<div class=\"elementor-container elementor-column-gap-default\">\n\t\t\t\t\t<div class=\"elementor-column elementor-col-100 elementor-top-column elementor-element elementor-element-5d430dfb\" data-id=\"5d430dfb\" data-element_type=\"column\" data-settings=\"{&quot;background_background&quot;:&quot;classic&quot;}\">\n\t\t\t<div class=\"elementor-widget-wrap elementor-element-populated\">\n\t\t\t\t\t\t<section class=\"elementor-section elementor-inner-section elementor-element elementor-element-55d84e12 elementor-section-boxed elementor-section-height-default elementor-section-height-default\" data-id=\"55d84e12\" data-element_type=\"section\">\n\t\t\t\t\t\t<div class=\"elementor-container elementor-column-gap-default\">\n\t\t\t\t\t<div class=\"elementor-column elementor-col-50 elementor-inner-column elementor-element elementor-element-26d420e7\" data-id=\"26d420e7\" data-element_type=\"column\">\n\t\t\t<div class=\"elementor-widget-wrap elementor-element-populated\">\n\t\t\t\t\t\t<div class=\"elementor-element elementor-element-35d51173 elementor-widget elementor-widget-heading\" data-id=\"35d51173\" data-element_type=\"widget\" data-widget_type=\"heading.default\">\n\t\t\t\t<div class=\"elementor-widget-container\">\n\t\t\t\t\t<h2 class=\"elementor-heading-title elementor-size-default\">Robert Ortega<\/h2>\t\t\t\t<\/div>\n\t\t\t\t<\/div>\n\t\t\t\t<div class=\"elementor-element elementor-element-d01899d elementor-widget elementor-widget-heading\" data-id=\"d01899d\" data-element_type=\"widget\" data-widget_type=\"heading.default\">\n\t\t\t\t<div class=\"elementor-widget-container\">\n\t\t\t\t\t<h1 class=\"elementor-heading-title elementor-size-default\">fotografia.<\/h1>\t\t\t\t<\/div>\n\t\t\t\t<\/div>\n\t\t\t\t\t<\/div>\n\t\t<\/div>\n\t\t\t\t<div class=\"elementor-column elementor-col-50 elementor-inner-column elementor-element elementor-element-7f4cc010\" data-id=\"7f4cc010\" data-element_type=\"column\">\n\t\t\t<div class=\"elementor-widget-wrap elementor-element-populated\">\n\t\t\t\t\t\t<div class=\"elementor-element elementor-element-4b4071f elementor-widget-divider--view-line_text elementor-widget-divider--element-align-right elementor-widget elementor-widget-divider\" data-id=\"4b4071f\" data-element_type=\"widget\" data-widget_type=\"divider.default\">\n\t\t\t\t<div class=\"elementor-widget-container\">\n\t\t\t\t\t\t\t<div class=\"elementor-divider\">\n\t\t\t<span class=\"elementor-divider-separator\">\n\t\t\t\t\t\t\t<span class=\"elementor-divider__text elementor-divider__element\">\n\t\t\t\tCarteira\t\t\t\t<\/span>\n\t\t\t\t\t\t<\/span>\n\t\t<\/div>\n\t\t\t\t\t\t<\/div>\n\t\t\t\t<\/div>\n\t\t\t\t<div class=\"elementor-element elementor-element-732bc721 elementor-nav-menu__align-end elementor-nav-menu--dropdown-none elementor-widget elementor-widget-nav-menu\" data-id=\"732bc721\" data-element_type=\"widget\" data-settings=\"{&quot;layout&quot;:&quot;vertical&quot;,&quot;submenu_icon&quot;:{&quot;value&quot;:&quot;&lt;i class=\\&quot;fas fa-caret-down\\&quot; aria-hidden=\\&quot;true\\&quot;&gt;&lt;\\\/i&gt;&quot;,&quot;library&quot;:&quot;fa-solid&quot;}}\" data-widget_type=\"nav-menu.default\">\n\t\t\t\t<div class=\"elementor-widget-container\">\n\t\t\t\t\t\t\t\t<nav aria-label=\"Menu\" class=\"elementor-nav-menu--main elementor-nav-menu__container elementor-nav-menu--layout-vertical e--pointer-none\">\n\t\t\t\t<ul id=\"menu-1-732bc721\" class=\"elementor-nav-menu sm-vertical\"><li class=\"menu-item menu-item-type-post_type menu-item-object-page menu-item-46\"><a href=\"https:\/\/pension-ampark.de\/pt\/impressum\/\" class=\"elementor-item\">Impress\u00e3o<\/a><\/li>\n<li class=\"menu-item menu-item-type-post_type menu-item-object-page menu-item-47\"><a href=\"https:\/\/pension-ampark.de\/pt\/datenschutzerklaerung-2\/\" class=\"elementor-item\">Pol\u00edtica de privacidade<\/a><\/li>\n<li class=\"menu-item menu-item-type-post_type menu-item-object-page menu-item-48\"><a href=\"https:\/\/pension-ampark.de\/pt\/jetzt-buchen\/\" class=\"elementor-item\">Reservar agora<\/a><\/li>\n<li class=\"menu-item menu-item-type-custom menu-item-object-custom menu-item-49\"><a href=\"#consent-change\" role=\"button\" class=\"elementor-item elementor-item-anchor\">Alterar as defini\u00e7\u00f5es de privacidade<span id=\"consent-change\" aria-hidden=\"true\" skip-scroll-spy=\"1\"><\/span><\/a><\/li>\n<li class=\"menu-item menu-item-type-custom menu-item-object-custom menu-item-50\"><a href=\"#consent-history\" role=\"button\" class=\"elementor-item elementor-item-anchor\">Hist\u00f3rico das defini\u00e7\u00f5es de privacidade<span id=\"consent-history\" aria-hidden=\"true\" skip-scroll-spy=\"1\"><\/span><\/a><\/li>\n<li class=\"menu-item menu-item-type-custom menu-item-object-custom menu-item-51\"><a href=\"#consent-revoke\" data-success-message=\"Du hast die Einwilligung erfolgreich widerrufen. Die Seite wird nun neu geladen.\" role=\"button\" class=\"elementor-item elementor-item-anchor\">Revoga\u00e7\u00e3o do consentimento<span id=\"consent-revoke\" aria-hidden=\"true\" skip-scroll-spy=\"1\"><\/span><\/a><\/li>\n<\/ul>\t\t\t<\/nav>\n\t\t\t\t\t\t<nav class=\"elementor-nav-menu--dropdown elementor-nav-menu__container\" aria-hidden=\"true\">\n\t\t\t\t<ul id=\"menu-2-732bc721\" class=\"elementor-nav-menu sm-vertical\"><li class=\"menu-item menu-item-type-post_type menu-item-object-page menu-item-46\"><a href=\"https:\/\/pension-ampark.de\/pt\/impressum\/\" class=\"elementor-item\" tabindex=\"-1\">Impress\u00e3o<\/a><\/li>\n<li class=\"menu-item menu-item-type-post_type menu-item-object-page menu-item-47\"><a href=\"https:\/\/pension-ampark.de\/pt\/datenschutzerklaerung-2\/\" class=\"elementor-item\" tabindex=\"-1\">Pol\u00edtica de privacidade<\/a><\/li>\n<li class=\"menu-item menu-item-type-post_type menu-item-object-page menu-item-48\"><a href=\"https:\/\/pension-ampark.de\/pt\/jetzt-buchen\/\" class=\"elementor-item\" tabindex=\"-1\">Reservar agora<\/a><\/li>\n<li class=\"menu-item menu-item-type-custom menu-item-object-custom menu-item-49\"><a href=\"#consent-change\" role=\"button\" class=\"elementor-item elementor-item-anchor\" tabindex=\"-1\">Alterar as defini\u00e7\u00f5es de privacidade<span id=\"consent-change\" aria-hidden=\"true\" skip-scroll-spy=\"1\"><\/span><\/a><\/li>\n<li class=\"menu-item menu-item-type-custom menu-item-object-custom menu-item-50\"><a href=\"#consent-history\" role=\"button\" class=\"elementor-item elementor-item-anchor\" tabindex=\"-1\">Hist\u00f3rico das defini\u00e7\u00f5es de privacidade<span id=\"consent-history\" aria-hidden=\"true\" skip-scroll-spy=\"1\"><\/span><\/a><\/li>\n<li class=\"menu-item menu-item-type-custom menu-item-object-custom menu-item-51\"><a href=\"#consent-revoke\" data-success-message=\"Du hast die Einwilligung erfolgreich widerrufen. Die Seite wird nun neu geladen.\" role=\"button\" class=\"elementor-item elementor-item-anchor\" tabindex=\"-1\">Revoga\u00e7\u00e3o do consentimento<span id=\"consent-revoke\" aria-hidden=\"true\" skip-scroll-spy=\"1\"><\/span><\/a><\/li>\n<\/ul>\t\t\t<\/nav>\n\t\t\t\t\t\t<\/div>\n\t\t\t\t<\/div>\n\t\t\t\t\t<\/div>\n\t\t<\/div>\n\t\t\t\t\t<\/div>\n\t\t<\/section>\n\t\t\t\t\t<\/div>\n\t\t<\/div>\n\t\t\t\t\t<\/div>\n\t\t<\/section>\n\t\t\t\t<section class=\"elementor-section elementor-top-section elementor-element elementor-element-5025db51 elementor-section-full_width elementor-section-height-min-height elementor-section-items-stretch elementor-section-height-default\" data-id=\"5025db51\" data-element_type=\"section\">\n\t\t\t\t\t\t<div class=\"elementor-container elementor-column-gap-default\">\n\t\t\t\t\t<div class=\"elementor-column elementor-col-100 elementor-top-column elementor-element elementor-element-1ad31438\" data-id=\"1ad31438\" data-element_type=\"column\" data-settings=\"{&quot;background_background&quot;:&quot;classic&quot;}\">\n\t\t\t<div class=\"elementor-widget-wrap elementor-element-populated\">\n\t\t\t\t\t\t<div class=\"elementor-element elementor-element-5cbbaef5 elementor-absolute elementor-widget elementor-widget-menu-anchor\" data-id=\"5cbbaef5\" data-element_type=\"widget\" data-settings=\"{&quot;_position&quot;:&quot;absolute&quot;}\" data-widget_type=\"menu-anchor.default\">\n\t\t\t\t<div class=\"elementor-widget-container\">\n\t\t\t\t\t\t\t<div class=\"elementor-menu-anchor\" id=\"down\"><\/div>\n\t\t\t\t\t\t<\/div>\n\t\t\t\t<\/div>\n\t\t\t\t<div class=\"elementor-element elementor-element-39b3afb0 elementor-cta--skin-cover elementor-cta--valign-middle elementor-animated-content elementor-widget elementor-widget-call-to-action\" data-id=\"39b3afb0\" data-element_type=\"widget\" data-widget_type=\"call-to-action.default\">\n\t\t\t\t<div class=\"elementor-widget-container\">\n\t\t\t\t\t\t\t<div class=\"elementor-cta\">\n\t\t\t\t\t<div class=\"elementor-cta__bg-wrapper\">\n\t\t\t\t<div class=\"elementor-cta__bg elementor-bg\" style=\"background-image: url();\" role=\"img\" aria-label=\"\"><\/div>\n\t\t\t\t<div class=\"elementor-cta__bg-overlay\"><\/div>\n\t\t\t<\/div>\n\t\t\t\t\t\t\t<div class=\"elementor-cta__content\">\n\t\t\t\t\n\t\t\t\t\n\t\t\t\t\n\t\t\t\t\t\t\t\t\t<div class=\"elementor-cta__button-wrapper elementor-cta__content-item elementor-content-item elementor-animated-item--grow\">\n\t\t\t\t\t<a class=\"elementor-cta__button elementor-button elementor-size-\">\n\t\t\t\t\t\tVida selvagem.\t\t\t\t\t<\/a>\n\t\t\t\t\t<\/div>\n\t\t\t\t\t\t\t<\/div>\n\t\t\t\t\t\t<\/div>\n\t\t\t\t\t\t<\/div>\n\t\t\t\t<\/div>\n\t\t\t\t\t<\/div>\n\t\t<\/div>\n\t\t\t\t\t<\/div>\n\t\t<\/section>\n\t\t\t\t<section class=\"elementor-section elementor-top-section elementor-element elementor-element-691641d5 elementor-section-full_width elementor-section-height-min-height elementor-section-items-stretch elementor-section-height-default\" data-id=\"691641d5\" data-element_type=\"section\">\n\t\t\t\t\t\t<div class=\"elementor-container elementor-column-gap-default\">\n\t\t\t\t\t<div class=\"elementor-column elementor-col-100 elementor-top-column elementor-element elementor-element-410d19f1\" data-id=\"410d19f1\" data-element_type=\"column\" data-settings=\"{&quot;background_background&quot;:&quot;classic&quot;}\">\n\t\t\t<div class=\"elementor-widget-wrap elementor-element-populated\">\n\t\t\t\t\t\t<div class=\"elementor-element elementor-element-57bebbf3 elementor-cta--skin-cover elementor-cta--valign-middle elementor-animated-content elementor-widget elementor-widget-call-to-action\" data-id=\"57bebbf3\" data-element_type=\"widget\" data-widget_type=\"call-to-action.default\">\n\t\t\t\t<div class=\"elementor-widget-container\">\n\t\t\t\t\t\t\t<div class=\"elementor-cta\">\n\t\t\t\t\t<div class=\"elementor-cta__bg-wrapper\">\n\t\t\t\t<div class=\"elementor-cta__bg elementor-bg\" style=\"background-image: url();\" role=\"img\" aria-label=\"\"><\/div>\n\t\t\t\t<div class=\"elementor-cta__bg-overlay\"><\/div>\n\t\t\t<\/div>\n\t\t\t\t\t\t\t<div class=\"elementor-cta__content\">\n\t\t\t\t\n\t\t\t\t\n\t\t\t\t\n\t\t\t\t\t\t\t\t\t<div class=\"elementor-cta__button-wrapper elementor-cta__content-item elementor-content-item elementor-animated-item--grow\">\n\t\t\t\t\t<a class=\"elementor-cta__button elementor-button elementor-size-\">\n\t\t\t\t\t\tNatureza.\t\t\t\t\t<\/a>\n\t\t\t\t\t<\/div>\n\t\t\t\t\t\t\t<\/div>\n\t\t\t\t\t\t<\/div>\n\t\t\t\t\t\t<\/div>\n\t\t\t\t<\/div>\n\t\t\t\t\t<\/div>\n\t\t<\/div>\n\t\t\t\t\t<\/div>\n\t\t<\/section>\n\t\t\t\t<section class=\"elementor-section elementor-top-section elementor-element elementor-element-550ebb8b elementor-section-full_width elementor-section-height-min-height elementor-section-items-stretch elementor-section-height-default\" data-id=\"550ebb8b\" data-element_type=\"section\">\n\t\t\t\t\t\t<div class=\"elementor-container elementor-column-gap-default\">\n\t\t\t\t\t<div class=\"elementor-column elementor-col-100 elementor-top-column elementor-element elementor-element-514a3d3f\" data-id=\"514a3d3f\" data-element_type=\"column\" data-settings=\"{&quot;background_background&quot;:&quot;classic&quot;}\">\n\t\t\t<div class=\"elementor-widget-wrap elementor-element-populated\">\n\t\t\t\t\t\t<div class=\"elementor-element elementor-element-1f8b8221 elementor-cta--skin-cover elementor-cta--valign-middle elementor-animated-content elementor-widget elementor-widget-call-to-action\" data-id=\"1f8b8221\" data-element_type=\"widget\" data-widget_type=\"call-to-action.default\">\n\t\t\t\t<div class=\"elementor-widget-container\">\n\t\t\t\t\t\t\t<div class=\"elementor-cta\">\n\t\t\t\t\t<div class=\"elementor-cta__bg-wrapper\">\n\t\t\t\t<div class=\"elementor-cta__bg elementor-bg\" style=\"background-image: url();\" role=\"img\" aria-label=\"\"><\/div>\n\t\t\t\t<div class=\"elementor-cta__bg-overlay\"><\/div>\n\t\t\t<\/div>\n\t\t\t\t\t\t\t<div class=\"elementor-cta__content\">\n\t\t\t\t\n\t\t\t\t\n\t\t\t\t\n\t\t\t\t\t\t\t\t\t<div class=\"elementor-cta__button-wrapper elementor-cta__content-item elementor-content-item elementor-animated-item--grow\">\n\t\t\t\t\t<a class=\"elementor-cta__button elementor-button elementor-size-\">\n\t\t\t\t\t\tAnimais de estima\u00e7\u00e3o.\t\t\t\t\t<\/a>\n\t\t\t\t\t<\/div>\n\t\t\t\t\t\t\t<\/div>\n\t\t\t\t\t\t<\/div>\n\t\t\t\t\t\t<\/div>\n\t\t\t\t<\/div>\n\t\t\t\t\t<\/div>\n\t\t<\/div>\n\t\t\t\t\t<\/div>\n\t\t<\/section>\n\t\t\t\t<\/div>","protected":false},"excerpt":{"rendered":"<p>Robert Ortega photography. Portfolio Wildlife. Nature. Pets.<\/p>","protected":false},"author":1,"featured_media":0,"parent":0,"menu_order":0,"comment_status":"closed","ping_status":"closed","template":"","meta":{"footnotes":""},"class_list":["post-22","page","type-page","status-publish","hentry"],"_links":{"self":[{"href":"https:\/\/pension-ampark.de\/pt\/wp-json\/wp\/v2\/pages\/22","targetHints":{"allow":["GET"]}}],"collection":[{"href":"https:\/\/pension-ampark.de\/pt\/wp-json\/wp\/v2\/pages"}],"about":[{"href":"https:\/\/pension-ampark.de\/pt\/wp-json\/wp\/v2\/types\/page"}],"author":[{"embeddable":true,"href":"https:\/\/pension-ampark.de\/pt\/wp-json\/wp\/v2\/users\/1"}],"replies":[{"embeddable":true,"href":"https:\/\/pension-ampark.de\/pt\/wp-json\/wp\/v2\/comments?post=22"}],"version-history":[{"count":3,"href":"https:\/\/pension-ampark.de\/pt\/wp-json\/wp\/v2\/pages\/22\/revisions"}],"predecessor-version":[{"id":57,"href":"https:\/\/pension-ampark.de\/pt\/wp-json\/wp\/v2\/pages\/22\/revisions\/57"}],"wp:attachment":[{"href":"https:\/\/pension-ampark.de\/pt\/wp-json\/wp\/v2\/media?parent=22"}],"curies":[{"name":"wp","href":"https:\/\/api.w.org\/{rel}","templated":true}]}}