{"id":16,"date":"2023-01-02T08:55:39","date_gmt":"2023-01-02T07:55:39","guid":{"rendered":"https:\/\/pension-ampark.de\/impressum\/"},"modified":"2026-04-03T18:56:33","modified_gmt":"2026-04-03T16:56:33","slug":"impressum","status":"publish","type":"page","link":"https:\/\/pension-ampark.de\/pt\/impressum\/","title":{"rendered":"Impress\u00e3o"},"content":{"rendered":"<div data-elementor-type=\"wp-page\" data-elementor-id=\"16\" class=\"elementor elementor-16\" data-elementor-post-type=\"page\">\n\t\t\t\t\t\t<section class=\"elementor-section elementor-top-section elementor-element elementor-element-7a06142 elementor-section-boxed elementor-section-height-default elementor-section-height-default\" data-id=\"7a06142\" data-element_type=\"section\">\n\t\t\t\t\t\t<div class=\"elementor-container elementor-column-gap-default\">\n\t\t\t\t\t<div class=\"elementor-column elementor-col-100 elementor-top-column elementor-element elementor-element-11521ac\" data-id=\"11521ac\" data-element_type=\"column\">\n\t\t\t<div class=\"elementor-widget-wrap elementor-element-populated\">\n\t\t\t\t\t\t<div class=\"elementor-element elementor-element-390a197 elementor-widget elementor-widget-html\" data-id=\"390a197\" data-element_type=\"widget\" data-widget_type=\"html.default\">\n\t\t\t\t<div class=\"elementor-widget-container\">\n\t\t\t\t\t<h2>Impress\u00e3o<\/h2>\n<p>Pens\u00e3o am Park Litzensee GmbH<br \/>\nSophie-Charlotten-Str. 57\/58<br \/>14057 Berlim<\/p>\n<p>Telefone: +49 30 62855888<br \/>\nE-Mail: <a href=\"mailto:info@pension-ampark.de\">info@pension-ampark.de<\/a><br \/>\n<\/p>\n<p><strong>Representado por:<\/strong><br \/>Evgeni Abramovych<\/p><p><strong>Registar entrada:<\/strong><br \/>Inscrito no registo comercial.<br \/>Tribunal de registo: Berlim<br \/>N\u00famero de registo: 240536<\/p><p><strong>ID do imposto sobre vendas: <\/strong><br \/>N\u00famero de identifica\u00e7\u00e3o fiscal de acordo com a lei do imposto sobre vendas \u00a727a:<br \/>DE352017891<\/p><br \/><h2>Aviso em conformidade com o regulamento relativo \u00e0 resolu\u00e7\u00e3o de lit\u00edgios em linha<\/h2><p>Nos termos da legisla\u00e7\u00e3o aplic\u00e1vel, somos obrigados a informar os consumidores da exist\u00eancia da Plataforma Europeia de Resolu\u00e7\u00e3o de Lit\u00edgios em Linha, que pode ser utilizada para resolver lit\u00edgios sem ter de recorrer a um tribunal. A Comiss\u00e3o Europeia \u00e9 respons\u00e1vel pela cria\u00e7\u00e3o da plataforma. A Plataforma Europeia de Resolu\u00e7\u00e3o de Lit\u00edgios em Linha pode ser consultada aqui: <a href=\"http:\/\/ec.europa.eu\/odr\" target=\"_blank\" rel=\"nofollow\">http:\/\/ec.europa.eu\/odr<\/a>. O nosso e-mail \u00e9: <a href=\"mailto:info@pension-ampark.de\">info@pension-ampark.de<\/a><\/p><p>No entanto, gostar\u00edamos de salientar que n\u00e3o estamos preparados para participar no procedimento de resolu\u00e7\u00e3o de lit\u00edgios no \u00e2mbito da Plataforma Europeia de Resolu\u00e7\u00e3o de Lit\u00edgios em Linha. Para nos contactar, utilize o nosso e-mail e n\u00famero de telefone acima indicados.<\/p><br \/><br \/><h2>Declara\u00e7\u00e3o de exonera\u00e7\u00e3o de responsabilidade - informa\u00e7\u00f5es jur\u00eddicas<\/h2>\n\u00a7 1 Aviso de conte\u00fado<br \/>\nO conte\u00fado deste s\u00edtio Web, de acesso livre e gratuito, foi criado com o maior cuidado poss\u00edvel. No entanto, o fornecedor deste s\u00edtio Web n\u00e3o se responsabiliza pela exatid\u00e3o e atualidade dos guias e not\u00edcias jornal\u00edsticas de acesso livre e gratuito. As contribui\u00e7\u00f5es identificadas pelo nome reflectem a opini\u00e3o do respetivo autor e nem sempre a opini\u00e3o do fornecedor. N\u00e3o \u00e9 estabelecida qualquer rela\u00e7\u00e3o contratual entre o utilizador e o fornecedor pelo simples facto de aceder aos conte\u00fados de acesso livre e gratuito; a este respeito, n\u00e3o existe qualquer inten\u00e7\u00e3o do fornecedor de se vincular juridicamente.<br \/>\n<br \/>\n\u00a7 2 Liga\u00e7\u00f5es externas<br \/>\nEste s\u00edtio Web cont\u00e9m liga\u00e7\u00f5es a s\u00edtios Web de terceiros (\"liga\u00e7\u00f5es externas\"). Estes s\u00edtios Web est\u00e3o sujeitos \u00e0 responsabilidade dos respectivos operadores. Aquando da cria\u00e7\u00e3o das liga\u00e7\u00f5es externas, o fornecedor verificou a exist\u00eancia de infrac\u00e7\u00f5es legais nos conte\u00fados de terceiros. Nessa altura, n\u00e3o foram detectadas quaisquer infrac\u00e7\u00f5es legais. O fornecedor n\u00e3o tem qualquer influ\u00eancia sobre a conce\u00e7\u00e3o e os conte\u00fados actuais e futuros das p\u00e1ginas ligadas. A inclus\u00e3o de hiperliga\u00e7\u00f5es externas n\u00e3o significa que o fornecedor adopte o conte\u00fado da refer\u00eancia ou da hiperliga\u00e7\u00e3o como seu. N\u00e3o \u00e9 razo\u00e1vel esperar que o fornecedor monitorize constantemente os links externos sem provas concretas de viola\u00e7\u00f5es legais. No entanto, essas liga\u00e7\u00f5es externas ser\u00e3o imediatamente eliminadas se tivermos conhecimento de quaisquer viola\u00e7\u00f5es da lei.<br \/>\n<br \/>\n\u00a7 3 Direitos de autor e direitos conexos<br \/>\nOs conte\u00fados publicados neste s\u00edtio Web est\u00e3o sujeitos \u00e0 legisla\u00e7\u00e3o alem\u00e3 em mat\u00e9ria de direitos de autor e direitos conexos. Qualquer utiliza\u00e7\u00e3o n\u00e3o autorizada pela legisla\u00e7\u00e3o alem\u00e3 sobre direitos de autor e direitos conexos requer o consentimento pr\u00e9vio por escrito do fornecedor ou do respetivo titular dos direitos. Isto aplica-se, em particular, \u00e0 duplica\u00e7\u00e3o, edi\u00e7\u00e3o, tradu\u00e7\u00e3o, armazenamento, processamento ou reprodu\u00e7\u00e3o de conte\u00fados em bases de dados ou outros meios e sistemas electr\u00f3nicos. Os conte\u00fados e direitos de terceiros s\u00e3o assinalados como tal. A reprodu\u00e7\u00e3o ou distribui\u00e7\u00e3o n\u00e3o autorizada de conte\u00fados individuais ou p\u00e1ginas completas n\u00e3o \u00e9 permitida e \u00e9 pun\u00edvel por lei. Apenas \u00e9 permitida a produ\u00e7\u00e3o de c\u00f3pias e descarregamentos para uso pessoal, privado e n\u00e3o comercial.<br \/>\n<br \/>\nA apresenta\u00e7\u00e3o deste s\u00edtio Web em molduras externas s\u00f3 \u00e9 permitida mediante autoriza\u00e7\u00e3o escrita.<br \/>\n<br \/>\n\u00a7 4 Condi\u00e7\u00f5es especiais de utiliza\u00e7\u00e3o<br \/>\nSe as condi\u00e7\u00f5es especiais para a utiliza\u00e7\u00e3o individual deste s\u00edtio Web divergirem dos par\u00e1grafos acima referidos, tal ser\u00e1 expressamente indicado no ponto adequado. Neste caso, as condi\u00e7\u00f5es especiais de utiliza\u00e7\u00e3o aplicam-se a cada caso individual.<p>Fonte: <a href=\"https:\/\/www.juraforum.de\">Chamar o artigo<\/a><\/p>\t\t\t\t<\/div>\n\t\t\t\t<\/div>\n\t\t\t\t\t<\/div>\n\t\t<\/div>\n\t\t\t\t\t<\/div>\n\t\t<\/section>\n\t\t\t\t<\/div>","protected":false},"excerpt":{"rendered":"<p>Impressum Pension am Park Litzensee GmbH Sophie-Charlotten-Str. 57\/5814057 Berlin Telefon: +49 30 62855888 E-Mail: info@pension-ampark.de Vertreten durch:Evgeni Abramovych Registereintrag:Eingetragen im Handelsregister.Registergericht: BerlinRegisternummer: 240536 Umsatzsteuer-ID: Umsatzsteuer-Identifikationsnummer nach \u00a727a Umsatzsteuergesetz:DE352017891 Hinweis gem&auml;&szlig; Online-Streitbeilegungs-Verordnung Nach geltendem Recht sind wir verpflichtet, Verbraucher auf die Existenz der Europ&auml;ischen Online-Streitbeilegungs-Plattform hinzuweisen, die f&uuml;r die Beilegung von Streitigkeiten genutzt werden kann, ohne [&hellip;]<\/p>","protected":false},"author":1,"featured_media":0,"parent":0,"menu_order":0,"comment_status":"closed","ping_status":"closed","template":"","meta":{"footnotes":""},"class_list":["post-16","page","type-page","status-publish","hentry"],"_links":{"self":[{"href":"https:\/\/pension-ampark.de\/pt\/wp-json\/wp\/v2\/pages\/16","targetHints":{"allow":["GET"]}}],"collection":[{"href":"https:\/\/pension-ampark.de\/pt\/wp-json\/wp\/v2\/pages"}],"about":[{"href":"https:\/\/pension-ampark.de\/pt\/wp-json\/wp\/v2\/types\/page"}],"author":[{"embeddable":true,"href":"https:\/\/pension-ampark.de\/pt\/wp-json\/wp\/v2\/users\/1"}],"replies":[{"embeddable":true,"href":"https:\/\/pension-ampark.de\/pt\/wp-json\/wp\/v2\/comments?post=16"}],"version-history":[{"count":9,"href":"https:\/\/pension-ampark.de\/pt\/wp-json\/wp\/v2\/pages\/16\/revisions"}],"predecessor-version":[{"id":181,"href":"https:\/\/pension-ampark.de\/pt\/wp-json\/wp\/v2\/pages\/16\/revisions\/181"}],"wp:attachment":[{"href":"https:\/\/pension-ampark.de\/pt\/wp-json\/wp\/v2\/media?parent=16"}],"curies":[{"name":"wp","href":"https:\/\/api.w.org\/{rel}","templated":true}]}}