{"id":43,"date":"2023-01-02T08:55:50","date_gmt":"2023-01-02T07:55:50","guid":{"rendered":"http:\/\/jedynak"},"modified":"2023-01-02T08:55:50","modified_gmt":"2023-01-02T07:55:50","slug":"datenschutzerklaerung-2","status":"publish","type":"page","link":"https:\/\/pension-ampark.de\/es\/datenschutzerklaerung-2\/","title":{"rendered":"Pol\u00edtica de privacidad"},"content":{"rendered":"<h2 class=\"wp-block-heading\">Qui\u00e9nes somos<\/h2>\n\n\n\n<p>La direcci\u00f3n de nuestro sitio web es: https:\/\/hotel-alex-berlin.de.<\/p>\n\n\n\n<h2 class=\"wp-block-heading\">Comentarios<\/h2>\n\n\n\n<p>Cuando los visitantes publican comentarios en el sitio web, recopilamos los datos que aparecen en el formulario de comentarios, la direcci\u00f3n IP del visitante y la cadena de agente de usuario (que identifica el navegador) para ayudar a reconocer el spam.<\/p>\n\n\n\n<p>Se puede crear una cadena de caracteres anonimizada (tambi\u00e9n conocida como hash) a partir de tu direcci\u00f3n de correo electr\u00f3nico y pasarla al servicio Gravatar para comprobar si la est\u00e1s utilizando. Puede consultar la pol\u00edtica de privacidad del servicio Gravatar aqu\u00ed: https:\/\/automattic.com\/privacy\/. Una vez aprobado tu comentario, tu foto de perfil ser\u00e1 visible p\u00fablicamente en el contexto de tu comentario.<\/p>\n\n\n\n<h2 class=\"wp-block-heading\">Medios de comunicaci\u00f3n<\/h2>\n\n\n\n<p>Si eres un usuario registrado y subes fotos a este sitio web, debes evitar subir fotos con una localizaci\u00f3n GPS EXIF. Los visitantes de este sitio web podr\u00edan descargar las fotos almacenadas en este sitio web y extraer su informaci\u00f3n de localizaci\u00f3n.<\/p>\n\n\n\n<h2 class=\"wp-block-heading\">Cookies<\/h2>\n\n\n\n<p>Si escribe un comentario en nuestro sitio web, puede dar su consentimiento para guardar su nombre, direcci\u00f3n de correo electr\u00f3nico y sitio web en cookies. Se trata de una funci\u00f3n pr\u00e1ctica para que no tenga que volver a introducir todos estos datos cuando escriba otro comentario. Estas cookies se almacenan durante un a\u00f1o.<\/p>\n\n\n\n<p>Si tiene una cuenta e inicia sesi\u00f3n en este sitio web, instalaremos una cookie temporal para determinar si su navegador acepta cookies. Esta cookie no contiene ning\u00fan dato personal y se descartar\u00e1 cuando cierre su navegador.<\/p>\n\n\n\n<p>Cuando se registre, instalaremos algunas cookies para almacenar su informaci\u00f3n de inicio de sesi\u00f3n y sus opciones de visualizaci\u00f3n. Las cookies de inicio de sesi\u00f3n caducan a los dos d\u00edas y las de opciones de visualizaci\u00f3n al a\u00f1o. Si selecciona \"Seguir conectado\" al iniciar sesi\u00f3n, sus datos de inicio de sesi\u00f3n se mantendr\u00e1n durante quince d\u00edas. Cuando salga de su cuenta, se borrar\u00e1n las cookies de inicio de sesi\u00f3n.<\/p>\n\n\n\n<p>Cuando edita o publica un art\u00edculo, se almacena una cookie adicional en su navegador. Esta cookie no contiene ning\u00fan dato personal y s\u00f3lo hace referencia a la ID de publicaci\u00f3n del art\u00edculo que acaba de editar. La cookie caduca al cabo de un d\u00eda.<\/p>\n\n\n\n<h2 class=\"wp-block-heading\">Contenido incrustado de otros sitios web<\/h2>\n\n\n\n<p>Las entradas de este sitio web pueden contener contenido incrustado (por ejemplo, v\u00eddeos, im\u00e1genes, art\u00edculos, etc.). El contenido incrustado de otros sitios web se comporta exactamente igual que si el visitante hubiera visitado el otro sitio web.<\/p>\n\n\n\n<p>Estos sitios web pueden recopilar datos sobre usted, utilizar cookies, incrustar servicios adicionales de seguimiento de terceros y registrar su interacci\u00f3n con este contenido incrustado, incluida su interacci\u00f3n con el contenido incrustado si tiene una cuenta y ha iniciado sesi\u00f3n en este sitio web.<\/p>\n\n\n\n<h2 class=\"wp-block-heading\">Con qui\u00e9n compartimos sus datos<\/h2>\n\n\n\n<p>Si solicita un restablecimiento de contrase\u00f1a, su direcci\u00f3n IP se incluir\u00e1 en el correo electr\u00f3nico de restablecimiento.<\/p>\n\n\n\n<h2 class=\"wp-block-heading\">Cu\u00e1nto tiempo almacenamos sus datos<\/h2>\n\n\n\n<p>Cuando escribe un comentario, \u00e9ste se guarda indefinidamente, incluidos los metadatos. De este modo, podemos reconocer y aprobar autom\u00e1ticamente los comentarios de seguimiento en lugar de retenerlos en una cola de moderaci\u00f3n.<\/p>\n\n\n\n<p>En el caso de los usuarios que se registran en nuestro sitio web, tambi\u00e9n almacenamos la informaci\u00f3n personal que nos facilitan en sus perfiles de usuario. Todos los usuarios pueden ver, cambiar o borrar su informaci\u00f3n personal en cualquier momento (el nombre de usuario no puede cambiarse). Los administradores del sitio web tambi\u00e9n pueden ver y modificar esta informaci\u00f3n.<\/p>\n\n\n\n<h2 class=\"wp-block-heading\">Qu\u00e9 derechos tiene sobre sus datos<\/h2>\n\n\n\n<p>Si tiene una cuenta en este sitio web o ha escrito comentarios, puede solicitarnos la exportaci\u00f3n de sus datos personales, incluidos los que nos haya facilitado. Adem\u00e1s, puede solicitar la supresi\u00f3n de todos los datos personales que hayamos almacenado sobre usted. Esto no incluye los datos que debamos conservar por motivos administrativos, legales o de seguridad.<\/p>\n\n\n\n<h2 class=\"wp-block-heading\">D\u00f3nde se env\u00edan sus datos<\/h2>\n\n\n\n<p>Los comentarios de los visitantes podr\u00edan ser analizados por un servicio automatizado de detecci\u00f3n de spam.<\/p>","protected":false},"excerpt":{"rendered":"<p>Wer wir sind Die Adresse unserer Website ist: https:\/\/hotel-alex-berlin.de. Kommentare Wenn Besucher Kommentare auf der Website schreiben, sammeln wir die Daten, die im Kommentar-Formular angezeigt werden, au\u00dferdem die IP-Adresse des Besuchers und den User-Agent-String (damit wird der Browser identifiziert), um die Erkennung von Spam zu unterst\u00fctzen. Aus deiner E-Mail-Adresse kann eine anonymisierte Zeichenfolge erstellt (auch [&hellip;]<\/p>","protected":false},"author":1,"featured_media":0,"parent":0,"menu_order":0,"comment_status":"closed","ping_status":"open","template":"","meta":{"footnotes":""},"class_list":["post-43","page","type-page","status-publish","hentry"],"_links":{"self":[{"href":"https:\/\/pension-ampark.de\/es\/wp-json\/wp\/v2\/pages\/43","targetHints":{"allow":["GET"]}}],"collection":[{"href":"https:\/\/pension-ampark.de\/es\/wp-json\/wp\/v2\/pages"}],"about":[{"href":"https:\/\/pension-ampark.de\/es\/wp-json\/wp\/v2\/types\/page"}],"author":[{"embeddable":true,"href":"https:\/\/pension-ampark.de\/es\/wp-json\/wp\/v2\/users\/1"}],"replies":[{"embeddable":true,"href":"https:\/\/pension-ampark.de\/es\/wp-json\/wp\/v2\/comments?post=43"}],"version-history":[{"count":0,"href":"https:\/\/pension-ampark.de\/es\/wp-json\/wp\/v2\/pages\/43\/revisions"}],"wp:attachment":[{"href":"https:\/\/pension-ampark.de\/es\/wp-json\/wp\/v2\/media?parent=43"}],"curies":[{"name":"wp","href":"https:\/\/api.w.org\/{rel}","templated":true}]}}