{"id":16,"date":"2023-01-02T08:55:39","date_gmt":"2023-01-02T07:55:39","guid":{"rendered":"https:\/\/pension-ampark.de\/impressum\/"},"modified":"2026-04-03T18:56:33","modified_gmt":"2026-04-03T16:56:33","slug":"impressum","status":"publish","type":"page","link":"https:\/\/pension-ampark.de\/es\/impressum\/","title":{"rendered":"Aviso legal"},"content":{"rendered":"<div data-elementor-type=\"wp-page\" data-elementor-id=\"16\" class=\"elementor elementor-16\" data-elementor-post-type=\"page\">\n\t\t\t\t\t\t<section class=\"elementor-section elementor-top-section elementor-element elementor-element-7a06142 elementor-section-boxed elementor-section-height-default elementor-section-height-default\" data-id=\"7a06142\" data-element_type=\"section\">\n\t\t\t\t\t\t<div class=\"elementor-container elementor-column-gap-default\">\n\t\t\t\t\t<div class=\"elementor-column elementor-col-100 elementor-top-column elementor-element elementor-element-11521ac\" data-id=\"11521ac\" data-element_type=\"column\">\n\t\t\t<div class=\"elementor-widget-wrap elementor-element-populated\">\n\t\t\t\t\t\t<div class=\"elementor-element elementor-element-390a197 elementor-widget elementor-widget-html\" data-id=\"390a197\" data-element_type=\"widget\" data-widget_type=\"html.default\">\n\t\t\t\t<div class=\"elementor-widget-container\">\n\t\t\t\t\t<h2>Aviso legal<\/h2>\n<p>Pensi\u00f3n am Park Litzensee GmbH<br \/>\nSophie-Charlotten-Str. 57\/58<br \/>14057 Berl\u00edn<\/p>\n<p>Tel\u00e9fono: +49 30 62855888<br \/>\ncorreo electr\u00f3nico: <a href=\"mailto:info@pension-ampark.de\">info@pension-ampark.de<\/a><br \/>\n<\/p>\n<p><strong>Representado por:<\/strong><br \/>Evgeni Abramovych<\/p><p><strong>Registre su entrada:<\/strong><br \/>Inscrita en el registro mercantil.<br \/>Tribunal de registro: Berl\u00edn<br \/>N\u00famero de registro: 240536<\/p><p><strong>N\u00famero de identificaci\u00f3n fiscal: <\/strong><br \/>N\u00famero de identificaci\u00f3n fiscal conforme al art\u00edculo 27 bis de la Ley del impuesto sobre las ventas:<br \/>DE352017891<\/p><br \/><h2>Notificaci\u00f3n de conformidad con el Reglamento sobre resoluci\u00f3n de litigios en l\u00ednea<\/h2><p>En virtud de la legislaci\u00f3n aplicable, estamos obligados a informar a los consumidores de la existencia de la Plataforma Europea de Resoluci\u00f3n de Litigios en L\u00ednea, que puede utilizarse para resolver litigios sin tener que acudir a los tribunales. La Comisi\u00f3n Europea es responsable de la creaci\u00f3n de la plataforma. La Plataforma Europea de Resoluci\u00f3n de Litigios en L\u00ednea puede consultarse aqu\u00ed: <a href=\"http:\/\/ec.europa.eu\/odr\" target=\"_blank\" rel=\"nofollow\">http:\/\/ec.europa.eu\/odr<\/a>. Nuestro e-mail es: <a href=\"mailto:info@pension-ampark.de\">info@pension-ampark.de<\/a><\/p><p>Sin embargo, nos gustar\u00eda se\u00f1alar que no estamos dispuestos a participar en el procedimiento de resoluci\u00f3n de litigios en el marco de la Plataforma Europea de Resoluci\u00f3n de Litigios en L\u00ednea. Por favor, utilice nuestro correo electr\u00f3nico y n\u00famero de tel\u00e9fono arriba indicados para ponerse en contacto con nosotros.<\/p><br \/><br \/><h2>Aviso legal<\/h2>\n\u00a7 1 Advertencia sobre el contenido<br \/>\nEl contenido gratuito y de libre acceso de este sitio web ha sido creado con el mayor cuidado posible. No obstante, el proveedor de este sitio web no se hace responsable de la exactitud y actualidad de las gu\u00edas y noticias period\u00edsticas gratuitas y de libre acceso que se ofrecen. Las contribuciones etiquetadas con el nombre reflejan la opini\u00f3n del autor respectivo y no siempre la opini\u00f3n del proveedor. No se establece ninguna relaci\u00f3n contractual entre el usuario y el proveedor por el mero hecho de acceder a los contenidos gratuitos y de libre acceso; en este sentido, falta la intenci\u00f3n del proveedor de obligarse jur\u00eddicamente.<br \/>\n<br \/>\n\u00a7 2 Enlaces externos<br \/>\nEste sitio web contiene enlaces a sitios web de terceros (\"enlaces externos\"). Estos sitios web est\u00e1n sujetos a la responsabilidad de sus respectivos operadores. Cuando se crearon por primera vez los enlaces externos, el proveedor comprob\u00f3 los contenidos de terceros para detectar posibles infracciones legales. En ese momento no se detectaron infracciones legales. El proveedor no tiene influencia alguna sobre el dise\u00f1o y el contenido actuales y futuros de las p\u00e1ginas enlazadas. La inclusi\u00f3n de enlaces externos no significa que el proveedor adopte como propios los contenidos que se encuentran tras la referencia o el enlace. No es razonable esperar que el proveedor controle constantemente los enlaces externos sin pruebas concretas de infracciones legales. No obstante, dichos enlaces externos se eliminar\u00e1n inmediatamente si tenemos conocimiento de alguna infracci\u00f3n legal.<br \/>\n<br \/>\n\u00a7 3 Derechos de autor y derechos afines<br \/>\nLos contenidos publicados en este sitio web est\u00e1n sujetos a la legislaci\u00f3n alemana sobre derechos de autor y derechos afines. Cualquier uso no autorizado por la legislaci\u00f3n alemana sobre derechos de autor y derechos afines requiere el consentimiento previo por escrito del proveedor o del titular de los derechos correspondiente. Esto se aplica en particular a la duplicaci\u00f3n, edici\u00f3n, traducci\u00f3n, almacenamiento, procesamiento o reproducci\u00f3n de contenidos en bases de datos u otros medios y sistemas electr\u00f3nicos. Los contenidos y derechos de terceros est\u00e1n etiquetados como tales. La reproducci\u00f3n o distribuci\u00f3n no autorizada de contenidos individuales o p\u00e1ginas completas no est\u00e1 permitida y est\u00e1 penada por la ley. S\u00f3lo se permite la producci\u00f3n de copias y descargas para uso personal, privado y no comercial.<br \/>\n<br \/>\nLa presentaci\u00f3n de este sitio web en marcos externos s\u00f3lo est\u00e1 permitida con autorizaci\u00f3n por escrito.<br \/>\n<br \/>\n\u00a7 4 Condiciones especiales de uso<br \/>\nEn la medida en que las condiciones especiales para usos individuales de este sitio web se desv\u00eden de los p\u00e1rrafos anteriores, esto se indicar\u00e1 expresamente en el punto correspondiente. En tal caso, se aplicar\u00e1n las condiciones especiales de uso en cada caso concreto.<p>Fuente: <a href=\"https:\/\/www.juraforum.de\">Llamar art\u00edculo<\/a><\/p>\t\t\t\t<\/div>\n\t\t\t\t<\/div>\n\t\t\t\t\t<\/div>\n\t\t<\/div>\n\t\t\t\t\t<\/div>\n\t\t<\/section>\n\t\t\t\t<\/div>","protected":false},"excerpt":{"rendered":"<p>Impressum Pension am Park Litzensee GmbH Sophie-Charlotten-Str. 57\/5814057 Berlin Telefon: +49 30 62855888 E-Mail: info@pension-ampark.de Vertreten durch:Evgeni Abramovych Registereintrag:Eingetragen im Handelsregister.Registergericht: BerlinRegisternummer: 240536 Umsatzsteuer-ID: Umsatzsteuer-Identifikationsnummer nach \u00a727a Umsatzsteuergesetz:DE352017891 Hinweis gem&auml;&szlig; Online-Streitbeilegungs-Verordnung Nach geltendem Recht sind wir verpflichtet, Verbraucher auf die Existenz der Europ&auml;ischen Online-Streitbeilegungs-Plattform hinzuweisen, die f&uuml;r die Beilegung von Streitigkeiten genutzt werden kann, ohne [&hellip;]<\/p>","protected":false},"author":1,"featured_media":0,"parent":0,"menu_order":0,"comment_status":"closed","ping_status":"closed","template":"","meta":{"footnotes":""},"class_list":["post-16","page","type-page","status-publish","hentry"],"_links":{"self":[{"href":"https:\/\/pension-ampark.de\/es\/wp-json\/wp\/v2\/pages\/16","targetHints":{"allow":["GET"]}}],"collection":[{"href":"https:\/\/pension-ampark.de\/es\/wp-json\/wp\/v2\/pages"}],"about":[{"href":"https:\/\/pension-ampark.de\/es\/wp-json\/wp\/v2\/types\/page"}],"author":[{"embeddable":true,"href":"https:\/\/pension-ampark.de\/es\/wp-json\/wp\/v2\/users\/1"}],"replies":[{"embeddable":true,"href":"https:\/\/pension-ampark.de\/es\/wp-json\/wp\/v2\/comments?post=16"}],"version-history":[{"count":9,"href":"https:\/\/pension-ampark.de\/es\/wp-json\/wp\/v2\/pages\/16\/revisions"}],"predecessor-version":[{"id":181,"href":"https:\/\/pension-ampark.de\/es\/wp-json\/wp\/v2\/pages\/16\/revisions\/181"}],"wp:attachment":[{"href":"https:\/\/pension-ampark.de\/es\/wp-json\/wp\/v2\/media?parent=16"}],"curies":[{"name":"wp","href":"https:\/\/api.w.org\/{rel}","templated":true}]}}