{"id":43,"date":"2023-01-02T08:55:50","date_gmt":"2023-01-02T07:55:50","guid":{"rendered":"http:\/\/jedynak"},"modified":"2023-01-02T08:55:50","modified_gmt":"2023-01-02T07:55:50","slug":"datenschutzerklaerung-2","status":"publish","type":"page","link":"https:\/\/pension-ampark.de\/da\/datenschutzerklaerung-2\/","title":{"rendered":"Fortrolighedspolitik"},"content":{"rendered":"<h2 class=\"wp-block-heading\">Hvem vi er<\/h2>\n\n\n\n<p>Adressen p\u00e5 vores hjemmeside er: https:\/\/hotel-alex-berlin.de.<\/p>\n\n\n\n<h2 class=\"wp-block-heading\">Kommentarer<\/h2>\n\n\n\n<p>N\u00e5r bes\u00f8gende skriver kommentarer p\u00e5 hjemmesiden, indsamler vi de data, der vises i kommentarformularen, den bes\u00f8gendes IP-adresse og brugeragentstrengen (som identificerer browseren) for at hj\u00e6lpe med at genkende spam.<\/p>\n\n\n\n<p>En anonymiseret tegnstreng (ogs\u00e5 kendt som en hash) kan oprettes ud fra din e-mailadresse og sendes til Gravatar-tjenesten for at kontrollere, om du bruger den. Du kan finde Gravatar-tjenestens privatlivspolitik her: https:\/\/automattic.com\/privacy\/. N\u00e5r din kommentar er blevet godkendt, vil dit profilbillede v\u00e6re offentligt synligt i forbindelse med din kommentar.<\/p>\n\n\n\n<h2 class=\"wp-block-heading\">Medier<\/h2>\n\n\n\n<p>Hvis du er en registreret bruger og uploader fotos til dette websted, b\u00f8r du undg\u00e5 at uploade fotos med en EXIF GPS-placering. Bes\u00f8gende p\u00e5 dette websted kan downloade fotos, der er gemt p\u00e5 dette websted, og udtr\u00e6kke deres placeringsoplysninger.<\/p>\n\n\n\n<h2 class=\"wp-block-heading\">Sm\u00e5kager<\/h2>\n\n\n\n<p>Hvis du skriver en kommentar p\u00e5 vores hjemmeside, kan det v\u00e6re et samtykke til at gemme dit navn, din e-mailadresse og din hjemmeside i cookies. Dette er en praktisk funktion, s\u00e5 du ikke beh\u00f8ver at indtaste alle disse data igen, n\u00e5r du skriver en ny kommentar. Disse cookies gemmes i et \u00e5r.<\/p>\n\n\n\n<p>Hvis du har en konto og logger ind p\u00e5 dette websted, s\u00e6tter vi en midlertidig cookie for at afg\u00f8re, om din browser accepterer cookies. Denne cookie indeholder ingen personlige data og vil blive slettet, n\u00e5r du lukker din browser.<\/p>\n\n\n\n<p>N\u00e5r du tilmelder dig, s\u00e6tter vi nogle cookies til at gemme dine loginoplysninger og visningsmuligheder. Login-cookies udl\u00f8ber efter to dage og cookies til visningsmuligheder efter et \u00e5r. Hvis du v\u00e6lger \"Forbliv logget ind\", n\u00e5r du logger ind, bevares dit login i fjorten dage. N\u00e5r du logger ud af din konto, slettes login-cookies.<\/p>\n\n\n\n<p>N\u00e5r du redigerer eller udgiver en artikel, gemmes der en ekstra cookie i din browser. Denne cookie indeholder ingen personlige data og henviser kun til post-ID'et for den artikel, du lige har redigeret. Cookien udl\u00f8ber efter en dag.<\/p>\n\n\n\n<h2 class=\"wp-block-heading\">Indlejret indhold fra andre hjemmesider<\/h2>\n\n\n\n<p>Indl\u00e6g p\u00e5 denne hjemmeside kan indeholde indlejret indhold (f.eks. videoer, billeder, artikler osv.). Indlejret indhold fra andre hjemmesider opf\u00f8rer sig n\u00f8jagtigt, som om den bes\u00f8gende havde bes\u00f8gt den anden hjemmeside.<\/p>\n\n\n\n<p>Disse websteder kan indsamle data om dig, bruge cookies, indlejre yderligere tredjepartssporingstjenester og registrere din interaktion med dette indlejrede indhold, herunder din interaktion med det indlejrede indhold, hvis du har en konto og er logget ind p\u00e5 dette websted.<\/p>\n\n\n\n<h2 class=\"wp-block-heading\">Hvem vi deler dine data med<\/h2>\n\n\n\n<p>Hvis du anmoder om at f\u00e5 nulstillet din adgangskode, vil din IP-adresse blive inkluderet i nulstillingsmailen.<\/p>\n\n\n\n<h2 class=\"wp-block-heading\">Hvor l\u00e6nge vi gemmer dine data<\/h2>\n\n\n\n<p>N\u00e5r du skriver en kommentar, gemmes den p\u00e5 ubestemt tid, inklusive metadata. P\u00e5 den m\u00e5de kan vi automatisk genkende og godkende opf\u00f8lgende kommentarer i stedet for at holde dem i en moderationsk\u00f8.<\/p>\n\n\n\n<p>For brugere, der registrerer sig p\u00e5 vores hjemmeside, gemmer vi ogs\u00e5 de personlige oplysninger, de giver i deres brugerprofiler. Alle brugere kan til enhver tid se, \u00e6ndre eller slette deres personlige oplysninger (brugernavnet kan ikke \u00e6ndres). Webstedets administratorer kan ogs\u00e5 se og \u00e6ndre disse oplysninger.<\/p>\n\n\n\n<h2 class=\"wp-block-heading\">Hvilke rettigheder du har til dine data<\/h2>\n\n\n\n<p>Hvis du har en konto p\u00e5 dette websted eller har skrevet kommentarer, kan du anmode om en eksport af dine personlige data fra os, herunder alle data, du har givet os. Derudover kan du anmode om sletning af alle personlige data, som vi har gemt om dig. Dette omfatter ikke data, som vi er forpligtet til at opbevare af administrative, juridiske eller sikkerhedsm\u00e6ssige \u00e5rsager.<\/p>\n\n\n\n<h2 class=\"wp-block-heading\">Hvor dine data sendes hen<\/h2>\n\n\n\n<p>Bes\u00f8gendes kommentarer kan analyseres af en automatiseret spamdetekteringstjeneste.<\/p>","protected":false},"excerpt":{"rendered":"<p>Wer wir sind Die Adresse unserer Website ist: https:\/\/hotel-alex-berlin.de. Kommentare Wenn Besucher Kommentare auf der Website schreiben, sammeln wir die Daten, die im Kommentar-Formular angezeigt werden, au\u00dferdem die IP-Adresse des Besuchers und den User-Agent-String (damit wird der Browser identifiziert), um die Erkennung von Spam zu unterst\u00fctzen. Aus deiner E-Mail-Adresse kann eine anonymisierte Zeichenfolge erstellt (auch [&hellip;]<\/p>","protected":false},"author":1,"featured_media":0,"parent":0,"menu_order":0,"comment_status":"closed","ping_status":"open","template":"","meta":{"footnotes":""},"class_list":["post-43","page","type-page","status-publish","hentry"],"_links":{"self":[{"href":"https:\/\/pension-ampark.de\/da\/wp-json\/wp\/v2\/pages\/43","targetHints":{"allow":["GET"]}}],"collection":[{"href":"https:\/\/pension-ampark.de\/da\/wp-json\/wp\/v2\/pages"}],"about":[{"href":"https:\/\/pension-ampark.de\/da\/wp-json\/wp\/v2\/types\/page"}],"author":[{"embeddable":true,"href":"https:\/\/pension-ampark.de\/da\/wp-json\/wp\/v2\/users\/1"}],"replies":[{"embeddable":true,"href":"https:\/\/pension-ampark.de\/da\/wp-json\/wp\/v2\/comments?post=43"}],"version-history":[{"count":0,"href":"https:\/\/pension-ampark.de\/da\/wp-json\/wp\/v2\/pages\/43\/revisions"}],"wp:attachment":[{"href":"https:\/\/pension-ampark.de\/da\/wp-json\/wp\/v2\/media?parent=43"}],"curies":[{"name":"wp","href":"https:\/\/api.w.org\/{rel}","templated":true}]}}