{"id":16,"date":"2023-01-02T08:55:39","date_gmt":"2023-01-02T07:55:39","guid":{"rendered":"https:\/\/pension-ampark.de\/impressum\/"},"modified":"2026-04-03T18:56:33","modified_gmt":"2026-04-03T16:56:33","slug":"impressum","status":"publish","type":"page","link":"https:\/\/pension-ampark.de\/da\/impressum\/","title":{"rendered":"P\u00e5tryk"},"content":{"rendered":"<div data-elementor-type=\"wp-page\" data-elementor-id=\"16\" class=\"elementor elementor-16\" data-elementor-post-type=\"page\">\n\t\t\t\t\t\t<section class=\"elementor-section elementor-top-section elementor-element elementor-element-7a06142 elementor-section-boxed elementor-section-height-default elementor-section-height-default\" data-id=\"7a06142\" data-element_type=\"section\">\n\t\t\t\t\t\t<div class=\"elementor-container elementor-column-gap-default\">\n\t\t\t\t\t<div class=\"elementor-column elementor-col-100 elementor-top-column elementor-element elementor-element-11521ac\" data-id=\"11521ac\" data-element_type=\"column\">\n\t\t\t<div class=\"elementor-widget-wrap elementor-element-populated\">\n\t\t\t\t\t\t<div class=\"elementor-element elementor-element-390a197 elementor-widget elementor-widget-html\" data-id=\"390a197\" data-element_type=\"widget\" data-widget_type=\"html.default\">\n\t\t\t\t<div class=\"elementor-widget-container\">\n\t\t\t\t\t<h2>P\u00e5tryk<\/h2>\n<p>Pension am Park Litzensee GmbH<br \/>\nSophie-Charlotten-Str. 57\/58<br \/>14057 Berlin<\/p>\n<p>Telefon: +49 30 62855888<br \/>\nE-mail: <a href=\"mailto:info@pension-ampark.de\">info@pension-ampark.de<\/a><br \/>\n<\/p>\n<p><strong>Repr\u00e6senteret af:<\/strong><br \/>Evgeni Abramovych<\/p><p><strong>Registrer indtastning:<\/strong><br \/>Registreret i handelsregistret.<br \/>Registreringsdomstol: Berlin<br \/>Registernummer: 240536<\/p><p><strong>Salgsafgifts-ID: <\/strong><br \/>Momsidentifikationsnummer i henhold til \u00a727a i momsloven:<br \/>DE352017891<\/p><br \/><h2>Meddelelse i overensstemmelse med forordningen om onlinetvistbil\u00e6ggelse<\/h2><p>I henhold til g\u00e6ldende lovgivning er vi forpligtet til at informere forbrugerne om eksistensen af den europ\u00e6iske platform for onlinetvistbil\u00e6ggelse, som kan bruges til at l\u00f8se tvister uden at skulle g\u00e5 i retten. Europa-Kommissionen er ansvarlig for oprettelsen af platformen. Den europ\u00e6iske platform for onlinetvistbil\u00e6ggelse kan findes her: <a href=\"http:\/\/ec.europa.eu\/odr\" target=\"_blank\" rel=\"nofollow\">http:\/\/ec.europa.eu\/odr<\/a>. Vores e-mail er: <a href=\"mailto:info@pension-ampark.de\">info@pension-ampark.de<\/a><\/p><p>Vi vil dog gerne g\u00f8re opm\u00e6rksom p\u00e5, at vi ikke er villige til at deltage i tvistbil\u00e6ggelsesproceduren inden for rammerne af den europ\u00e6iske platform for onlinetvistbil\u00e6ggelse. Brug venligst vores e-mail og telefonnummer ovenfor til at kontakte os.<\/p><br \/><br \/><h2>Ansvarsfraskrivelse - juridisk information<\/h2>\n\u00a7 1 Advarsel om indhold<br \/>\nDet gratis og frit tilg\u00e6ngelige indhold p\u00e5 denne hjemmeside er skabt med den st\u00f8rst mulige omhu. Udbyderen af dette websted p\u00e5tager sig dog intet ansvar for n\u00f8jagtigheden og aktualiteten af de gratis og frit tilg\u00e6ngelige journalistiske vejledninger og nyheder, der leveres. Bidrag, der er m\u00e6rket med navn, afspejler den respektive forfatters mening og ikke altid udbyderens mening. Der etableres ikke noget kontraktligt forhold mellem brugeren og udbyderen blot ved at f\u00e5 adgang til det gratis og frit tilg\u00e6ngelige indhold; i denne henseende mangler udbyderens hensigt om at v\u00e6re juridisk bundet.<br \/>\n<br \/>\n\u00a7 2 Eksterne links<br \/>\nDette websted indeholder links til tredjepartswebsteder (\"eksterne links\"). Disse hjemmesider er underlagt de respektive operat\u00f8rers ansvar. Da de eksterne links blev oprettet f\u00f8rste gang, kontrollerede udbyderen tredjepartsindholdet for eventuelle juridiske overtr\u00e6delser. Ingen lovovertr\u00e6delser var synlige p\u00e5 det tidspunkt. Udbyderen har ingen indflydelse p\u00e5 den aktuelle og fremtidige udformning og indhold af de sider, der linkes til. Inddragelse af eksterne links betyder ikke, at udbyderen g\u00f8r sig indholdet bag henvisningen eller linket til sit eget. Det kan ikke med rimelighed forventes, at udbyderen konstant overv\u00e5ger eksterne links uden konkrete beviser for lovovertr\u00e6delser. S\u00e5danne eksterne links vil dog blive slettet med det samme, hvis vi bliver opm\u00e6rksomme p\u00e5 eventuelle lovovertr\u00e6delser.<br \/>\n<br \/>\n\u00a7 3 Ophavsret og besl\u00e6gtede rettigheder<br \/>\nDet indhold, der offentligg\u00f8res p\u00e5 dette websted, er underlagt tysk lov om ophavsret og besl\u00e6gtede rettigheder. Enhver brug, der ikke er tilladt i henhold til tysk lov om ophavsret og besl\u00e6gtede rettigheder, kr\u00e6ver forudg\u00e5ende skriftligt samtykke fra udbyderen eller den respektive rettighedshaver. Dette g\u00e6lder is\u00e6r for duplikering, redigering, overs\u00e6ttelse, lagring, behandling eller reproduktion af indhold i databaser eller andre elektroniske medier og systemer. Tredjepartsindhold og -rettigheder er m\u00e6rket som s\u00e5dan. Uautoriseret reproduktion eller distribution af individuelt indhold eller hele sider er ikke tilladt og er strafbart. Kun fremstilling af kopier og downloads til personlig, privat og ikke-kommerciel brug er tilladt.<br \/>\n<br \/>\nPr\u00e6sentation af dette websted i eksterne rammer er kun tilladt med skriftlig tilladelse.<br \/>\n<br \/>\n\u00a7 4 S\u00e6rlige vilk\u00e5r for brug<br \/>\nI det omfang s\u00e6rlige betingelser for individuel brug af dette websted afviger fra de ovenn\u00e6vnte afsnit, vil dette blive udtrykkeligt angivet p\u00e5 det relevante sted. I s\u00e5 fald g\u00e6lder de s\u00e6rlige brugsbetingelser i hvert enkelt tilf\u00e6lde.<p>Kilde: <a href=\"https:\/\/www.juraforum.de\">Kald artiklen op<\/a><\/p>\t\t\t\t<\/div>\n\t\t\t\t<\/div>\n\t\t\t\t\t<\/div>\n\t\t<\/div>\n\t\t\t\t\t<\/div>\n\t\t<\/section>\n\t\t\t\t<\/div>","protected":false},"excerpt":{"rendered":"<p>Impressum Pension am Park Litzensee GmbH Sophie-Charlotten-Str. 57\/5814057 Berlin Telefon: +49 30 62855888 E-Mail: info@pension-ampark.de Vertreten durch:Evgeni Abramovych Registereintrag:Eingetragen im Handelsregister.Registergericht: BerlinRegisternummer: 240536 Umsatzsteuer-ID: Umsatzsteuer-Identifikationsnummer nach \u00a727a Umsatzsteuergesetz:DE352017891 Hinweis gem&auml;&szlig; Online-Streitbeilegungs-Verordnung Nach geltendem Recht sind wir verpflichtet, Verbraucher auf die Existenz der Europ&auml;ischen Online-Streitbeilegungs-Plattform hinzuweisen, die f&uuml;r die Beilegung von Streitigkeiten genutzt werden kann, ohne [&hellip;]<\/p>","protected":false},"author":1,"featured_media":0,"parent":0,"menu_order":0,"comment_status":"closed","ping_status":"closed","template":"","meta":{"footnotes":""},"class_list":["post-16","page","type-page","status-publish","hentry"],"_links":{"self":[{"href":"https:\/\/pension-ampark.de\/da\/wp-json\/wp\/v2\/pages\/16","targetHints":{"allow":["GET"]}}],"collection":[{"href":"https:\/\/pension-ampark.de\/da\/wp-json\/wp\/v2\/pages"}],"about":[{"href":"https:\/\/pension-ampark.de\/da\/wp-json\/wp\/v2\/types\/page"}],"author":[{"embeddable":true,"href":"https:\/\/pension-ampark.de\/da\/wp-json\/wp\/v2\/users\/1"}],"replies":[{"embeddable":true,"href":"https:\/\/pension-ampark.de\/da\/wp-json\/wp\/v2\/comments?post=16"}],"version-history":[{"count":9,"href":"https:\/\/pension-ampark.de\/da\/wp-json\/wp\/v2\/pages\/16\/revisions"}],"predecessor-version":[{"id":181,"href":"https:\/\/pension-ampark.de\/da\/wp-json\/wp\/v2\/pages\/16\/revisions\/181"}],"wp:attachment":[{"href":"https:\/\/pension-ampark.de\/da\/wp-json\/wp\/v2\/media?parent=16"}],"curies":[{"name":"wp","href":"https:\/\/api.w.org\/{rel}","templated":true}]}}